{"id":602,"date":"2024-04-22T04:52:52","date_gmt":"2024-04-22T02:52:52","guid":{"rendered":"https:\/\/scopad.fr\/?page_id=602"},"modified":"2024-04-22T05:39:26","modified_gmt":"2024-04-22T03:39:26","slug":"jpo-creches","status":"publish","type":"page","link":"https:\/\/scopad.fr\/index.php\/jpo-creches\/","title":{"rendered":"20 04 2024 &#8211; JPO Cr\u00e8ches"},"content":{"rendered":"\t\t<div data-elementor-type=\"wp-page\" data-elementor-id=\"602\" class=\"elementor elementor-602\">\n\t\t\t\t<div class=\"elementor-element elementor-element-c000402 e-con-full e-flex wpr-particle-no wpr-jarallax-no wpr-parallax-no wpr-sticky-section-no e-con e-parent\" data-id=\"c000402\" data-element_type=\"container\" data-e-type=\"container\" data-settings=\"{&quot;background_background&quot;:&quot;classic&quot;}\">\n\t\t<div class=\"elementor-element elementor-element-f579bc2 e-grid e-con-full wpr-particle-no wpr-jarallax-no wpr-parallax-no wpr-sticky-section-no e-con e-child\" data-id=\"f579bc2\" data-element_type=\"container\" data-e-type=\"container\">\n\t\t\t\t<div class=\"elementor-element elementor-element-82250b8 elementor-widget elementor-widget-heading\" data-id=\"82250b8\" data-element_type=\"widget\" data-e-type=\"widget\" data-widget_type=\"heading.default\">\n\t\t\t\t<div class=\"elementor-widget-container\">\n\t\t\t\t\t<h4 class=\"elementor-heading-title elementor-size-default\">20 Avril 2024<\/h4>\t\t\t\t<\/div>\n\t\t\t\t<\/div>\n\t\t\t\t<div class=\"elementor-element elementor-element-d26f9dc elementor-widget-divider--view-line elementor-widget elementor-widget-divider\" data-id=\"d26f9dc\" data-element_type=\"widget\" data-e-type=\"widget\" data-widget_type=\"divider.default\">\n\t\t\t\t<div class=\"elementor-widget-container\">\n\t\t\t\t\t\t\t<div class=\"elementor-divider\">\n\t\t\t<span class=\"elementor-divider-separator\">\n\t\t\t\t\t\t<\/span>\n\t\t<\/div>\n\t\t\t\t\t\t<\/div>\n\t\t\t\t<\/div>\n\t\t\t\t<div class=\"elementor-element elementor-element-7801405 elementor-widget elementor-widget-heading\" data-id=\"7801405\" data-element_type=\"widget\" data-e-type=\"widget\" data-widget_type=\"heading.default\">\n\t\t\t\t<div class=\"elementor-widget-container\">\n\t\t\t\t\t<h1 class=\"elementor-heading-title elementor-size-default\">SCOPIDOUX - Journ\u00e9e porte ouverte<\/h1>\t\t\t\t<\/div>\n\t\t\t\t<\/div>\n\t\t\t\t<\/div>\n\t\t\t\t<\/div>\n\t\t<div class=\"elementor-element elementor-element-e7c9989 e-flex e-con-boxed wpr-particle-no wpr-jarallax-no wpr-parallax-no wpr-sticky-section-no e-con e-parent\" data-id=\"e7c9989\" data-element_type=\"container\" data-e-type=\"container\">\n\t\t\t\t\t<div class=\"e-con-inner\">\n\t\t\t\t<div class=\"elementor-element elementor-element-cbb1cc2 elementor-widget elementor-widget-heading\" data-id=\"cbb1cc2\" data-element_type=\"widget\" data-e-type=\"widget\" data-widget_type=\"heading.default\">\n\t\t\t\t<div class=\"elementor-widget-container\">\n\t\t\t\t\t<h3 class=\"elementor-heading-title elementor-size-default\">Journ\u00e9e porte ouverte de notre cr\u00e8che d'entreprise :<\/h3>\t\t\t\t<\/div>\n\t\t\t\t<\/div>\n\t\t\t\t<div class=\"elementor-element elementor-element-da39d70 elementor-widget elementor-widget-heading\" data-id=\"da39d70\" data-element_type=\"widget\" data-e-type=\"widget\" data-widget_type=\"heading.default\">\n\t\t\t\t<div class=\"elementor-widget-container\">\n\t\t\t\t\t<h6 class=\"elementor-heading-title elementor-size-default\">Un Nouveau Mod\u00e8le \u00c9conomique \u00e0 l'\u00cele de la R\u00e9union<\/h6>\t\t\t\t<\/div>\n\t\t\t\t<\/div>\n\t\t\t\t<div class=\"elementor-element elementor-element-a7bb504 elementor-widget elementor-widget-text-editor\" data-id=\"a7bb504\" data-element_type=\"widget\" data-e-type=\"widget\" data-widget_type=\"text-editor.default\">\n\t\t\t\t<div class=\"elementor-widget-container\">\n\t\t\t\t\t\t\t\t\t<p>Ce samedi 20 avril 2024, nous avons eu le plaisir d&rsquo;accueillir les employeurs et les familles \u00e0 notre journ\u00e9e porte ouverte.<\/p><p>Ils ont pu visiter la Cr\u00e8che, v\u00e9ritable lieu de vie de leurs tout petits et \u00e9changer avec la direction de Scopidoux des conditions d\u2019accueil d\u00e9di\u00e9es.<\/p><p>Scopidoux est dans une d\u00e9marche \u00e9co-responsable, respectueuse de l\u2019environnement\u00a0et propose :<\/p><ul><li>Des repas maison diversifi\u00e9s et \u00e9labor\u00e9s \u00e0 partir de produits frais,<\/li><li>L\u2019usage des couches lavables \u00e9cologiques, adapt\u00e9es au confort de l\u2019Enfant<\/li><\/ul><p>Nous avons pr\u00e9sent\u00e9 aussi notre mod\u00e8le \u00e9conomique de cr\u00e8che d&rsquo;entreprise. Un grand merci aux agents de la CAF R\u00e9union, Mmes BOYER et ROMILY, pour leur pr\u00e9sence et leur disponibilit\u00e9 et pour les informations d\u00e9livr\u00e9es aux personnes pr\u00e9sentes.<\/p>\t\t\t\t\t\t\t\t<\/div>\n\t\t\t\t<\/div>\n\t\t\t\t<div class=\"elementor-element elementor-element-7d92229 elementor-widget elementor-widget-heading\" data-id=\"7d92229\" data-element_type=\"widget\" data-e-type=\"widget\" data-widget_type=\"heading.default\">\n\t\t\t\t<div class=\"elementor-widget-container\">\n\t\t\t\t\t<h6 class=\"elementor-heading-title elementor-size-default\">Un mod\u00e8le \u00e9conomique innovant<\/h6>\t\t\t\t<\/div>\n\t\t\t\t<\/div>\n\t\t\t\t<div class=\"elementor-element elementor-element-84d55b3 elementor-widget elementor-widget-text-editor\" data-id=\"84d55b3\" data-element_type=\"widget\" data-e-type=\"widget\" data-widget_type=\"text-editor.default\">\n\t\t\t\t<div class=\"elementor-widget-container\">\n\t\t\t\t\t\t\t\t\t<p>Cette initiative, novatrice \u00e0 la R\u00e9union, avait aussi pour objectif de pr\u00e9senter aux entrepreneurs locaux le mod\u00e8le innovant et les avantages que repr\u00e9sente la r\u00e9servation de berceaux pour leurs salari\u00e9s.<\/p><p>Notre cr\u00e8che d&rsquo;entreprise est con\u00e7ue pour r\u00e9pondre aux besoins des entrepreneurs de l&rsquo;\u00eele. Notre amplitude d\u2019ouverture est de 13h, soit de 06h30 \u00e0 19h30, permettant ainsi une conciliation, facilitation vie professionnelle \u2013 vie familiale.<\/p><p>Investir dans des berceaux au sein de notre cr\u00e8che, se traduit pour les entrepreneurs\u00a0:<\/p><ul><li><strong>Attractivit\u00e9 pour les Talents<\/strong> : Offrir un service de garde d&rsquo;enfants de qualit\u00e9 est un v\u00e9ritable atout pour attirer et retenir les meilleurs talents.<\/li><li><strong>Productivit\u00e9 et Bien-\u00eatre<\/strong> : En soutenant la vie familiale de leurs employ\u00e9s, les entreprises am\u00e9liorent la productivit\u00e9 et le bien-\u00eatre au travail.<\/li><li><strong>Engagement Social et Responsabilit\u00e9 d&rsquo;Entreprise<\/strong> : Investir dans la petite enfance montre l&rsquo;engagement social de l&rsquo;entreprise et renforce sa responsabilit\u00e9 d&rsquo;entreprise citoyenne<\/li><\/ul><p>Les employeurs b\u00e9n\u00e9ficient ainsi d&rsquo;un soutien pr\u00e9cieux de leurs employ\u00e9s-parents.<\/p>\t\t\t\t\t\t\t\t<\/div>\n\t\t\t\t<\/div>\n\t\t\t\t<div class=\"elementor-element elementor-element-6c335f8 elementor-widget elementor-widget-heading\" data-id=\"6c335f8\" data-element_type=\"widget\" data-e-type=\"widget\" data-widget_type=\"heading.default\">\n\t\t\t\t<div class=\"elementor-widget-container\">\n\t\t\t\t\t<h6 class=\"elementor-heading-title elementor-size-default\">Un \u00c9v\u00e9nement R\u00e9ussi<\/h6>\t\t\t\t<\/div>\n\t\t\t\t<\/div>\n\t\t\t\t<div class=\"elementor-element elementor-element-e721128 elementor-widget elementor-widget-text-editor\" data-id=\"e721128\" data-element_type=\"widget\" data-e-type=\"widget\" data-widget_type=\"text-editor.default\">\n\t\t\t\t<div class=\"elementor-widget-container\">\n\t\t\t\t\t\t\t\t\t<p>Nous tenons \u00e0 remercier tous nos visiteurs-entrepreneurs qui ont particip\u00e9 \u00e0 cette journ\u00e9e porte ouverte. Votre int\u00e9r\u00eat et vos retours positifs renforcent notre conviction que notre mod\u00e8le \u00e9conomique de cr\u00e8che d&rsquo;entreprise a un r\u00f4le important \u00e0 jouer \u00e0 l&rsquo;\u00eele de la R\u00e9union.<\/p><p>Si vous souhaitez en savoir plus sur notre cr\u00e8che d&rsquo;entreprise et comment elle peut b\u00e9n\u00e9ficier \u00e0 votre entreprise, n&rsquo;h\u00e9sitez pas \u00e0 nous contacter. Nous r\u00e9pondrons \u00e0 toutes vos questions et vous accompagnerons dans cette d\u00e9marche innovante.<\/p>\t\t\t\t\t\t\t\t<\/div>\n\t\t\t\t<\/div>\n\t\t\t\t\t<\/div>\n\t\t\t\t<\/div>\n\t\t<div class=\"elementor-element elementor-element-214087f e-flex e-con-boxed wpr-particle-no wpr-jarallax-no wpr-parallax-no wpr-sticky-section-no e-con e-parent\" data-id=\"214087f\" data-element_type=\"container\" data-e-type=\"container\">\n\t\t\t\t\t<div class=\"e-con-inner\">\n\t\t\t\t<div class=\"elementor-element elementor-element-29a3578 elementor-arrows-position-inside elementor-pagination-position-outside elementor-widget elementor-widget-image-carousel\" data-id=\"29a3578\" data-element_type=\"widget\" data-e-type=\"widget\" data-settings=\"{&quot;slides_to_show&quot;:&quot;1&quot;,&quot;navigation&quot;:&quot;both&quot;,&quot;autoplay&quot;:&quot;yes&quot;,&quot;pause_on_hover&quot;:&quot;yes&quot;,&quot;pause_on_interaction&quot;:&quot;yes&quot;,&quot;autoplay_speed&quot;:5000,&quot;infinite&quot;:&quot;yes&quot;,&quot;effect&quot;:&quot;slide&quot;,&quot;speed&quot;:500}\" data-widget_type=\"image-carousel.default\">\n\t\t\t\t<div class=\"elementor-widget-container\">\n\t\t\t\t\t\t\t<div class=\"elementor-image-carousel-wrapper swiper\" role=\"region\" aria-roledescription=\"carousel\" aria-label=\"Carrousel d\u2019images\" dir=\"ltr\">\n\t\t\t<div class=\"elementor-image-carousel swiper-wrapper\" aria-live=\"off\">\n\t\t\t\t\t\t\t\t<div class=\"swiper-slide\" role=\"group\" aria-roledescription=\"slide\" aria-label=\"1 sur 9\"><a data-elementor-open-lightbox=\"yes\" data-elementor-lightbox-slideshow=\"29a3578\" data-elementor-lightbox-title=\"2024-04-20 - SCOPIDOUX - JPO\" data-e-action-hash=\"#elementor-action%3Aaction%3Dlightbox%26settings%3DeyJpZCI6NjIwLCJ1cmwiOiJodHRwczpcL1wvc2NvcGFkLmZyXC93cC1jb250ZW50XC91cGxvYWRzXC8yMDI0XC8wNFwvV2hhdHNBcHAtSW1hZ2UtMjAyNC0wNC0yMi1hLTA2LjMzLjI4XzJiZTYwMmIzLTEuanBnIiwic2xpZGVzaG93IjoiMjlhMzU3OCJ9\" href=\"https:\/\/scopad.fr\/wp-content\/uploads\/2024\/04\/WhatsApp-Image-2024-04-22-a-06.33.28_2be602b3-1.jpg\"><figure class=\"swiper-slide-inner\"><img decoding=\"async\" class=\"swiper-slide-image\" src=\"https:\/\/scopad.fr\/wp-content\/uploads\/2024\/04\/WhatsApp-Image-2024-04-22-a-06.33.28_2be602b3-1.jpg\" alt=\"2024-04-20 - SCOPIDOUX - JPO\" \/><figcaption class=\"elementor-image-carousel-caption\">2024-04-20 - SCOPIDOUX - JPO<\/figcaption><\/figure><\/a><\/div><div class=\"swiper-slide\" role=\"group\" aria-roledescription=\"slide\" aria-label=\"2 sur 9\"><a data-elementor-open-lightbox=\"yes\" data-elementor-lightbox-slideshow=\"29a3578\" data-elementor-lightbox-title=\"2024-04-20 - SCOPIDOUX - JPO\" data-e-action-hash=\"#elementor-action%3Aaction%3Dlightbox%26settings%3DeyJpZCI6NjExLCJ1cmwiOiJodHRwczpcL1wvc2NvcGFkLmZyXC93cC1jb250ZW50XC91cGxvYWRzXC8yMDI0XC8wNFwvV2hhdHNBcHAtSW1hZ2UtMjAyNC0wNC0yMi1hLTA2LjM0LjQ3XzJmZGJhMjhlLmpwZyIsInNsaWRlc2hvdyI6IjI5YTM1NzgifQ%3D%3D\" href=\"https:\/\/scopad.fr\/wp-content\/uploads\/2024\/04\/WhatsApp-Image-2024-04-22-a-06.34.47_2fdba28e.jpg\"><figure class=\"swiper-slide-inner\"><img decoding=\"async\" class=\"swiper-slide-image\" src=\"https:\/\/scopad.fr\/wp-content\/uploads\/2024\/04\/WhatsApp-Image-2024-04-22-a-06.34.47_2fdba28e-768x1024.jpg\" alt=\"2024-04-20 - SCOPIDOUX - JPO\" \/><figcaption class=\"elementor-image-carousel-caption\">2024-04-20 - SCOPIDOUX - JPO<\/figcaption><\/figure><\/a><\/div><div class=\"swiper-slide\" role=\"group\" aria-roledescription=\"slide\" aria-label=\"3 sur 9\"><a data-elementor-open-lightbox=\"yes\" data-elementor-lightbox-slideshow=\"29a3578\" data-elementor-lightbox-title=\"2024-04-20 - SCOPIDOUX - JPO\" data-e-action-hash=\"#elementor-action%3Aaction%3Dlightbox%26settings%3DeyJpZCI6NjEyLCJ1cmwiOiJodHRwczpcL1wvc2NvcGFkLmZyXC93cC1jb250ZW50XC91cGxvYWRzXC8yMDI0XC8wNFwvV2hhdHNBcHAtSW1hZ2UtMjAyNC0wNC0yMi1hLTA2LjM0LjQ3XzNhNDIyMDU4LmpwZyIsInNsaWRlc2hvdyI6IjI5YTM1NzgifQ%3D%3D\" href=\"https:\/\/scopad.fr\/wp-content\/uploads\/2024\/04\/WhatsApp-Image-2024-04-22-a-06.34.47_3a422058.jpg\"><figure class=\"swiper-slide-inner\"><img decoding=\"async\" class=\"swiper-slide-image\" src=\"https:\/\/scopad.fr\/wp-content\/uploads\/2024\/04\/WhatsApp-Image-2024-04-22-a-06.34.47_3a422058-1024x768.jpg\" alt=\"2024-04-20 - SCOPIDOUX - JPO\" \/><figcaption class=\"elementor-image-carousel-caption\">2024-04-20 - SCOPIDOUX - JPO<\/figcaption><\/figure><\/a><\/div><div class=\"swiper-slide\" role=\"group\" aria-roledescription=\"slide\" aria-label=\"4 sur 9\"><a data-elementor-open-lightbox=\"yes\" data-elementor-lightbox-slideshow=\"29a3578\" data-elementor-lightbox-title=\"2024-04-20 - SCOPIDOUX - JPO\" data-e-action-hash=\"#elementor-action%3Aaction%3Dlightbox%26settings%3DeyJpZCI6NjEzLCJ1cmwiOiJodHRwczpcL1wvc2NvcGFkLmZyXC93cC1jb250ZW50XC91cGxvYWRzXC8yMDI0XC8wNFwvV2hhdHNBcHAtSW1hZ2UtMjAyNC0wNC0yMi1hLTA2LjM0LjQ3Xzc1YWI4ZGY0LmpwZyIsInNsaWRlc2hvdyI6IjI5YTM1NzgifQ%3D%3D\" href=\"https:\/\/scopad.fr\/wp-content\/uploads\/2024\/04\/WhatsApp-Image-2024-04-22-a-06.34.47_75ab8df4.jpg\"><figure class=\"swiper-slide-inner\"><img decoding=\"async\" class=\"swiper-slide-image\" src=\"https:\/\/scopad.fr\/wp-content\/uploads\/2024\/04\/WhatsApp-Image-2024-04-22-a-06.34.47_75ab8df4-768x1024.jpg\" alt=\"2024-04-20 - SCOPIDOUX - JPO\" \/><figcaption class=\"elementor-image-carousel-caption\">2024-04-20 - SCOPIDOUX - JPO<\/figcaption><\/figure><\/a><\/div><div class=\"swiper-slide\" role=\"group\" aria-roledescription=\"slide\" aria-label=\"5 sur 9\"><a data-elementor-open-lightbox=\"yes\" data-elementor-lightbox-slideshow=\"29a3578\" data-elementor-lightbox-title=\"2024-04-20 - SCOPIDOUX - JPO\" data-e-action-hash=\"#elementor-action%3Aaction%3Dlightbox%26settings%3DeyJpZCI6NjE0LCJ1cmwiOiJodHRwczpcL1wvc2NvcGFkLmZyXC93cC1jb250ZW50XC91cGxvYWRzXC8yMDI0XC8wNFwvV2hhdHNBcHAtSW1hZ2UtMjAyNC0wNC0yMi1hLTA2LjM0LjQ3X2IxYzM4ZWI2LmpwZyIsInNsaWRlc2hvdyI6IjI5YTM1NzgifQ%3D%3D\" href=\"https:\/\/scopad.fr\/wp-content\/uploads\/2024\/04\/WhatsApp-Image-2024-04-22-a-06.34.47_b1c38eb6.jpg\"><figure class=\"swiper-slide-inner\"><img decoding=\"async\" class=\"swiper-slide-image\" src=\"https:\/\/scopad.fr\/wp-content\/uploads\/2024\/04\/WhatsApp-Image-2024-04-22-a-06.34.47_b1c38eb6-768x1024.jpg\" alt=\"2024-04-20 - SCOPIDOUX - JPO\" \/><figcaption class=\"elementor-image-carousel-caption\">2024-04-20 - SCOPIDOUX - JPO<\/figcaption><\/figure><\/a><\/div><div class=\"swiper-slide\" role=\"group\" aria-roledescription=\"slide\" aria-label=\"6 sur 9\"><a data-elementor-open-lightbox=\"yes\" data-elementor-lightbox-slideshow=\"29a3578\" data-elementor-lightbox-title=\"2024-04-20 - SCOPIDOUX - JPO\" data-e-action-hash=\"#elementor-action%3Aaction%3Dlightbox%26settings%3DeyJpZCI6NjE1LCJ1cmwiOiJodHRwczpcL1wvc2NvcGFkLmZyXC93cC1jb250ZW50XC91cGxvYWRzXC8yMDI0XC8wNFwvV2hhdHNBcHAtSW1hZ2UtMjAyNC0wNC0yMi1hLTA2LjM0LjQ3X2Q5OTcwYmIzLmpwZyIsInNsaWRlc2hvdyI6IjI5YTM1NzgifQ%3D%3D\" href=\"https:\/\/scopad.fr\/wp-content\/uploads\/2024\/04\/WhatsApp-Image-2024-04-22-a-06.34.47_d9970bb3.jpg\"><figure class=\"swiper-slide-inner\"><img decoding=\"async\" class=\"swiper-slide-image\" src=\"https:\/\/scopad.fr\/wp-content\/uploads\/2024\/04\/WhatsApp-Image-2024-04-22-a-06.34.47_d9970bb3-768x1024.jpg\" alt=\"2024-04-20 - SCOPIDOUX - JPO\" \/><figcaption class=\"elementor-image-carousel-caption\">2024-04-20 - SCOPIDOUX - JPO<\/figcaption><\/figure><\/a><\/div><div class=\"swiper-slide\" role=\"group\" aria-roledescription=\"slide\" aria-label=\"7 sur 9\"><a data-elementor-open-lightbox=\"yes\" data-elementor-lightbox-slideshow=\"29a3578\" data-elementor-lightbox-title=\"2024-04-20 - SCOPIDOUX - JPO\" data-e-action-hash=\"#elementor-action%3Aaction%3Dlightbox%26settings%3DeyJpZCI6NjE2LCJ1cmwiOiJodHRwczpcL1wvc2NvcGFkLmZyXC93cC1jb250ZW50XC91cGxvYWRzXC8yMDI0XC8wNFwvV2hhdHNBcHAtSW1hZ2UtMjAyNC0wNC0yMi1hLTA2LjM0LjQ3X2RlNTM3MWExLmpwZyIsInNsaWRlc2hvdyI6IjI5YTM1NzgifQ%3D%3D\" href=\"https:\/\/scopad.fr\/wp-content\/uploads\/2024\/04\/WhatsApp-Image-2024-04-22-a-06.34.47_de5371a1.jpg\"><figure class=\"swiper-slide-inner\"><img decoding=\"async\" class=\"swiper-slide-image\" src=\"https:\/\/scopad.fr\/wp-content\/uploads\/2024\/04\/WhatsApp-Image-2024-04-22-a-06.34.47_de5371a1-1024x768.jpg\" alt=\"2024-04-20 - SCOPIDOUX - JPO\" \/><figcaption class=\"elementor-image-carousel-caption\">2024-04-20 - SCOPIDOUX - JPO<\/figcaption><\/figure><\/a><\/div><div class=\"swiper-slide\" role=\"group\" aria-roledescription=\"slide\" aria-label=\"8 sur 9\"><a data-elementor-open-lightbox=\"yes\" data-elementor-lightbox-slideshow=\"29a3578\" data-elementor-lightbox-title=\"2024-04-20 - SCOPIDOUX - JPO\" data-e-action-hash=\"#elementor-action%3Aaction%3Dlightbox%26settings%3DeyJpZCI6NjE3LCJ1cmwiOiJodHRwczpcL1wvc2NvcGFkLmZyXC93cC1jb250ZW50XC91cGxvYWRzXC8yMDI0XC8wNFwvV2hhdHNBcHAtSW1hZ2UtMjAyNC0wNC0yMi1hLTA2LjM0LjQ3X2YyZTZhYTRhLmpwZyIsInNsaWRlc2hvdyI6IjI5YTM1NzgifQ%3D%3D\" href=\"https:\/\/scopad.fr\/wp-content\/uploads\/2024\/04\/WhatsApp-Image-2024-04-22-a-06.34.47_f2e6aa4a.jpg\"><figure class=\"swiper-slide-inner\"><img decoding=\"async\" class=\"swiper-slide-image\" src=\"https:\/\/scopad.fr\/wp-content\/uploads\/2024\/04\/WhatsApp-Image-2024-04-22-a-06.34.47_f2e6aa4a-1024x768.jpg\" alt=\"2024-04-20 - SCOPIDOUX - JPO\" \/><figcaption class=\"elementor-image-carousel-caption\">2024-04-20 - SCOPIDOUX - JPO<\/figcaption><\/figure><\/a><\/div><div class=\"swiper-slide\" role=\"group\" aria-roledescription=\"slide\" aria-label=\"9 sur 9\"><a data-elementor-open-lightbox=\"yes\" data-elementor-lightbox-slideshow=\"29a3578\" data-elementor-lightbox-title=\"2024-04-20 - SCOPIDOUX - JPO\" data-e-action-hash=\"#elementor-action%3Aaction%3Dlightbox%26settings%3DeyJpZCI6NjE4LCJ1cmwiOiJodHRwczpcL1wvc2NvcGFkLmZyXC93cC1jb250ZW50XC91cGxvYWRzXC8yMDI0XC8wNFwvV2hhdHNBcHAtSW1hZ2UtMjAyNC0wNC0yMi1hLTA2LjM0LjQ3X2ZjMzEyODA2LmpwZyIsInNsaWRlc2hvdyI6IjI5YTM1NzgifQ%3D%3D\" href=\"https:\/\/scopad.fr\/wp-content\/uploads\/2024\/04\/WhatsApp-Image-2024-04-22-a-06.34.47_fc312806.jpg\"><figure class=\"swiper-slide-inner\"><img decoding=\"async\" class=\"swiper-slide-image\" src=\"https:\/\/scopad.fr\/wp-content\/uploads\/2024\/04\/WhatsApp-Image-2024-04-22-a-06.34.47_fc312806-1024x768.jpg\" alt=\"2024-04-20 - SCOPIDOUX - JPO\" \/><figcaption class=\"elementor-image-carousel-caption\">2024-04-20 - SCOPIDOUX - JPO<\/figcaption><\/figure><\/a><\/div>\t\t\t<\/div>\n\t\t\t\t\t\t\t\t\t\t\t\t<div class=\"elementor-swiper-button elementor-swiper-button-prev\" role=\"button\" tabindex=\"0\">\n\t\t\t\t\t\t<svg aria-hidden=\"true\" class=\"e-font-icon-svg e-eicon-chevron-left\" viewBox=\"0 0 1000 1000\" xmlns=\"http:\/\/www.w3.org\/2000\/svg\"><path d=\"M646 125C629 125 613 133 604 142L308 442C296 454 292 471 292 487 292 504 296 521 308 533L604 854C617 867 629 875 646 875 663 875 679 871 692 858 704 846 713 829 713 812 713 796 708 779 692 767L438 487 692 225C700 217 708 204 708 187 708 171 704 154 692 142 675 129 663 125 646 125Z\"><\/path><\/svg>\t\t\t\t\t<\/div>\n\t\t\t\t\t<div class=\"elementor-swiper-button elementor-swiper-button-next\" role=\"button\" tabindex=\"0\">\n\t\t\t\t\t\t<svg aria-hidden=\"true\" class=\"e-font-icon-svg e-eicon-chevron-right\" viewBox=\"0 0 1000 1000\" xmlns=\"http:\/\/www.w3.org\/2000\/svg\"><path d=\"M696 533C708 521 713 504 713 487 713 471 708 454 696 446L400 146C388 133 375 125 354 125 338 125 325 129 313 142 300 154 292 171 292 187 292 204 296 221 308 233L563 492 304 771C292 783 288 800 288 817 288 833 296 850 308 863 321 871 338 875 354 875 371 875 388 867 400 854L696 533Z\"><\/path><\/svg>\t\t\t\t\t<\/div>\n\t\t\t\t\n\t\t\t\t\t\t\t\t\t<div class=\"swiper-pagination\"><\/div>\n\t\t\t\t\t\t\t\t\t<\/div>\n\t\t\t\t\t\t<\/div>\n\t\t\t\t<\/div>\n\t\t\t\t\t<\/div>\n\t\t\t\t<\/div>\n\t\t\t\t<\/div>\n\t\t","protected":false},"excerpt":{"rendered":"<p>20 Avril 2024 SCOPIDOUX &#8211; Journ\u00e9e porte ouverte Journ\u00e9e porte ouverte de notre cr\u00e8che d&rsquo;entreprise : Un Nouveau Mod\u00e8le \u00c9conomique \u00e0 l&rsquo;\u00cele de la R\u00e9union Ce samedi 20 avril 2024, nous avons eu le plaisir d&rsquo;accueillir les employeurs et les familles \u00e0 notre journ\u00e9e porte ouverte. Ils ont pu visiter la Cr\u00e8che, v\u00e9ritable lieu de vie de leurs tout petits et \u00e9changer avec la direction de Scopidoux des conditions d\u2019accueil d\u00e9di\u00e9es. Scopidoux est dans une d\u00e9marche \u00e9co-responsable, respectueuse de l\u2019environnement\u00a0et propose : Des repas maison diversifi\u00e9s et \u00e9labor\u00e9s \u00e0 partir de produits frais, L\u2019usage des couches lavables \u00e9cologiques, adapt\u00e9es au confort de l\u2019Enfant Nous avons pr\u00e9sent\u00e9 aussi notre mod\u00e8le \u00e9conomique de cr\u00e8che d&rsquo;entreprise. Un grand merci aux agents de la CAF R\u00e9union, Mmes BOYER et ROMILY, pour leur pr\u00e9sence et leur disponibilit\u00e9 et pour les informations d\u00e9livr\u00e9es aux personnes pr\u00e9sentes. Un mod\u00e8le \u00e9conomique innovant Cette initiative, novatrice \u00e0 la R\u00e9union, avait aussi pour objectif de pr\u00e9senter aux entrepreneurs locaux le mod\u00e8le innovant et les avantages que repr\u00e9sente la r\u00e9servation de berceaux pour leurs salari\u00e9s. Notre cr\u00e8che d&rsquo;entreprise est con\u00e7ue pour r\u00e9pondre aux besoins des entrepreneurs de l&rsquo;\u00eele. Notre amplitude d\u2019ouverture est de 13h, soit de 06h30 \u00e0 19h30, permettant ainsi une conciliation, facilitation vie professionnelle \u2013 vie familiale. Investir dans des berceaux au sein de notre cr\u00e8che, se traduit pour les entrepreneurs\u00a0: Attractivit\u00e9 pour les Talents : Offrir un service de garde d&rsquo;enfants de qualit\u00e9 est un v\u00e9ritable atout pour attirer et retenir les meilleurs talents. Productivit\u00e9 et Bien-\u00eatre : En soutenant la vie familiale de leurs employ\u00e9s, les entreprises am\u00e9liorent la productivit\u00e9 et le bien-\u00eatre au travail. Engagement Social et Responsabilit\u00e9 d&rsquo;Entreprise : Investir dans la petite enfance montre l&rsquo;engagement social de l&rsquo;entreprise et renforce sa responsabilit\u00e9 d&rsquo;entreprise citoyenne Les employeurs b\u00e9n\u00e9ficient ainsi d&rsquo;un soutien pr\u00e9cieux de leurs employ\u00e9s-parents. Un \u00c9v\u00e9nement R\u00e9ussi Nous tenons \u00e0 remercier tous nos visiteurs-entrepreneurs qui ont particip\u00e9 \u00e0 cette journ\u00e9e porte ouverte. Votre int\u00e9r\u00eat et vos retours positifs renforcent notre conviction que notre mod\u00e8le \u00e9conomique de cr\u00e8che d&rsquo;entreprise a un r\u00f4le important \u00e0 jouer \u00e0 l&rsquo;\u00eele de la R\u00e9union. Si vous souhaitez en savoir plus sur notre cr\u00e8che d&rsquo;entreprise et comment elle peut b\u00e9n\u00e9ficier \u00e0 votre entreprise, n&rsquo;h\u00e9sitez pas \u00e0 nous contacter. Nous r\u00e9pondrons \u00e0 toutes vos questions et vous accompagnerons dans cette d\u00e9marche innovante. 2024-04-20 &#8211; SCOPIDOUX &#8211; JPO 2024-04-20 &#8211; SCOPIDOUX &#8211; JPO 2024-04-20 &#8211; SCOPIDOUX &#8211; JPO 2024-04-20 &#8211; SCOPIDOUX &#8211; JPO 2024-04-20 &#8211; SCOPIDOUX &#8211; JPO 2024-04-20 &#8211; SCOPIDOUX &#8211; JPO 2024-04-20 &#8211; SCOPIDOUX &#8211; JPO 2024-04-20 &#8211; SCOPIDOUX &#8211; JPO 2024-04-20 &#8211; SCOPIDOUX &#8211; JPO<\/p>\n","protected":false},"author":1,"featured_media":0,"parent":0,"menu_order":0,"comment_status":"closed","ping_status":"closed","template":"","meta":{"site-sidebar-layout":"no-sidebar","site-content-layout":"","ast-site-content-layout":"full-width-container","site-content-style":"default","site-sidebar-style":"default","ast-global-header-display":"","ast-banner-title-visibility":"","ast-main-header-display":"","ast-hfb-above-header-display":"","ast-hfb-below-header-display":"","ast-hfb-mobile-header-display":"","site-post-title":"disabled","ast-breadcrumbs-content":"","ast-featured-img":"disabled","footer-sml-layout":"","theme-transparent-header-meta":"","adv-header-id-meta":"","stick-header-meta":"","header-above-stick-meta":"","header-main-stick-meta":"","header-below-stick-meta":"","astra-migrate-meta-layouts":"default","ast-page-background-enabled":"default","ast-page-background-meta":{"desktop":{"background-color":"var(--ast-global-color-4)","background-image":"","background-repeat":"repeat","background-position":"center center","background-size":"auto","background-attachment":"scroll","background-type":"","background-media":"","overlay-type":"","overlay-color":"","overlay-gradient":""},"tablet":{"background-color":"","background-image":"","background-repeat":"repeat","background-position":"center center","background-size":"auto","background-attachment":"scroll","background-type":"","background-media":"","overlay-type":"","overlay-color":"","overlay-gradient":""},"mobile":{"background-color":"","background-image":"","background-repeat":"repeat","background-position":"center center","background-size":"auto","background-attachment":"scroll","background-type":"","background-media":"","overlay-type":"","overlay-color":"","overlay-gradient":""}},"ast-content-background-meta":{"desktop":{"background-color":"var(--ast-global-color-5)","background-image":"","background-repeat":"repeat","background-position":"center center","background-size":"auto","background-attachment":"scroll","background-type":"","background-media":"","overlay-type":"","overlay-color":"","overlay-gradient":""},"tablet":{"background-color":"var(--ast-global-color-5)","background-image":"","background-repeat":"repeat","background-position":"center center","background-size":"auto","background-attachment":"scroll","background-type":"","background-media":"","overlay-type":"","overlay-color":"","overlay-gradient":""},"mobile":{"background-color":"var(--ast-global-color-5)","background-image":"","background-repeat":"repeat","background-position":"center center","background-size":"auto","background-attachment":"scroll","background-type":"","background-media":"","overlay-type":"","overlay-color":"","overlay-gradient":""}},"footnotes":""},"class_list":["post-602","page","type-page","status-publish","hentry"],"_links":{"self":[{"href":"https:\/\/scopad.fr\/index.php\/wp-json\/wp\/v2\/pages\/602","targetHints":{"allow":["GET"]}}],"collection":[{"href":"https:\/\/scopad.fr\/index.php\/wp-json\/wp\/v2\/pages"}],"about":[{"href":"https:\/\/scopad.fr\/index.php\/wp-json\/wp\/v2\/types\/page"}],"author":[{"embeddable":true,"href":"https:\/\/scopad.fr\/index.php\/wp-json\/wp\/v2\/users\/1"}],"replies":[{"embeddable":true,"href":"https:\/\/scopad.fr\/index.php\/wp-json\/wp\/v2\/comments?post=602"}],"version-history":[{"count":34,"href":"https:\/\/scopad.fr\/index.php\/wp-json\/wp\/v2\/pages\/602\/revisions"}],"predecessor-version":[{"id":655,"href":"https:\/\/scopad.fr\/index.php\/wp-json\/wp\/v2\/pages\/602\/revisions\/655"}],"wp:attachment":[{"href":"https:\/\/scopad.fr\/index.php\/wp-json\/wp\/v2\/media?parent=602"}],"curies":[{"name":"wp","href":"https:\/\/api.w.org\/{rel}","templated":true}]}}