{"id":569,"date":"2024-03-27T06:01:38","date_gmt":"2024-03-27T05:01:38","guid":{"rendered":"https:\/\/scopad.fr\/?page_id=569"},"modified":"2024-04-22T05:07:13","modified_gmt":"2024-04-22T03:07:13","slug":"creches-dentreprise","status":"publish","type":"page","link":"https:\/\/scopad.fr\/index.php\/creches-dentreprise\/","title":{"rendered":"Creches d&rsquo;entreprise"},"content":{"rendered":"\t\t<div data-elementor-type=\"wp-page\" data-elementor-id=\"569\" class=\"elementor elementor-569\">\n\t\t\t\t<div class=\"elementor-element elementor-element-24f02b6 e-con-full e-flex wpr-particle-no wpr-jarallax-no wpr-parallax-no wpr-sticky-section-no e-con e-parent\" data-id=\"24f02b6\" data-element_type=\"container\" data-e-type=\"container\" data-settings=\"{&quot;background_background&quot;:&quot;classic&quot;}\">\n\t\t<div class=\"elementor-element elementor-element-806d74f e-grid e-con-full wpr-particle-no wpr-jarallax-no wpr-parallax-no wpr-sticky-section-no e-con e-child\" data-id=\"806d74f\" data-element_type=\"container\" data-e-type=\"container\">\n\t\t\t\t<div class=\"elementor-element elementor-element-9156e28 elementor-widget elementor-widget-heading\" data-id=\"9156e28\" data-element_type=\"widget\" data-e-type=\"widget\" data-widget_type=\"heading.default\">\n\t\t\t\t<div class=\"elementor-widget-container\">\n\t\t\t\t\t<h4 class=\"elementor-heading-title elementor-size-default\">Premi\u00e8re cr\u00e8che d'entreprise \u00e0 La R\u00e9union<\/h4>\t\t\t\t<\/div>\n\t\t\t\t<\/div>\n\t\t\t\t<div class=\"elementor-element elementor-element-77b32d6 elementor-widget-divider--view-line elementor-widget elementor-widget-divider\" data-id=\"77b32d6\" data-element_type=\"widget\" data-e-type=\"widget\" data-widget_type=\"divider.default\">\n\t\t\t\t<div class=\"elementor-widget-container\">\n\t\t\t\t\t\t\t<div class=\"elementor-divider\">\n\t\t\t<span class=\"elementor-divider-separator\">\n\t\t\t\t\t\t<\/span>\n\t\t<\/div>\n\t\t\t\t\t\t<\/div>\n\t\t\t\t<\/div>\n\t\t\t\t<div class=\"elementor-element elementor-element-f9ea683 elementor-widget elementor-widget-heading\" data-id=\"f9ea683\" data-element_type=\"widget\" data-e-type=\"widget\" data-widget_type=\"heading.default\">\n\t\t\t\t<div class=\"elementor-widget-container\">\n\t\t\t\t\t<h1 class=\"elementor-heading-title elementor-size-default\">SCOPIDOUX - Cr\u00e8che d'entreprise<\/h1>\t\t\t\t<\/div>\n\t\t\t\t<\/div>\n\t\t\t\t<\/div>\n\t\t\t\t<\/div>\n\t\t<div class=\"elementor-element elementor-element-6d3173c e-flex e-con-boxed wpr-particle-no wpr-jarallax-no wpr-parallax-no wpr-sticky-section-no e-con e-parent\" data-id=\"6d3173c\" data-element_type=\"container\" data-e-type=\"container\">\n\t\t\t\t\t<div class=\"e-con-inner\">\n\t\t\t\t<div class=\"elementor-element elementor-element-f8e26c4 elementor-widget elementor-widget-image\" data-id=\"f8e26c4\" data-element_type=\"widget\" data-e-type=\"widget\" data-widget_type=\"image.default\">\n\t\t\t\t<div class=\"elementor-widget-container\">\n\t\t\t\t\t\t\t\t\t\t\t\t\t\t\t<img fetchpriority=\"high\" decoding=\"async\" width=\"1024\" height=\"209\" src=\"https:\/\/scopad.fr\/wp-content\/uploads\/2024\/03\/logo_scopidoux-1024x209.png\" class=\"attachment-large size-large wp-image-571\" alt=\"\" srcset=\"https:\/\/scopad.fr\/wp-content\/uploads\/2024\/03\/logo_scopidoux-1024x209.png 1024w, https:\/\/scopad.fr\/wp-content\/uploads\/2024\/03\/logo_scopidoux-300x61.png 300w, https:\/\/scopad.fr\/wp-content\/uploads\/2024\/03\/logo_scopidoux-768x157.png 768w, https:\/\/scopad.fr\/wp-content\/uploads\/2024\/03\/logo_scopidoux-1536x314.png 1536w, https:\/\/scopad.fr\/wp-content\/uploads\/2024\/03\/logo_scopidoux-2048x419.png 2048w\" sizes=\"(max-width: 1024px) 100vw, 1024px\" \/>\t\t\t\t\t\t\t\t\t\t\t\t\t\t\t<\/div>\n\t\t\t\t<\/div>\n\t\t\t\t\t<\/div>\n\t\t\t\t<\/div>\n\t\t<div class=\"elementor-element elementor-element-4ef565b e-flex e-con-boxed wpr-particle-no wpr-jarallax-no wpr-parallax-no wpr-sticky-section-no e-con e-parent\" data-id=\"4ef565b\" data-element_type=\"container\" data-e-type=\"container\">\n\t\t\t\t\t<div class=\"e-con-inner\">\n\t\t\t\t<div class=\"elementor-element elementor-element-2dc60b5 elementor-widget elementor-widget-heading\" data-id=\"2dc60b5\" data-element_type=\"widget\" data-e-type=\"widget\" data-widget_type=\"heading.default\">\n\t\t\t\t<div class=\"elementor-widget-container\">\n\t\t\t\t\t<h3 class=\"elementor-heading-title elementor-size-default\">Actualit\u00e9s<\/h3>\t\t\t\t<\/div>\n\t\t\t\t<\/div>\n\t\t\t\t<div class=\"elementor-element elementor-element-b5464bb elementor-widget elementor-widget-text-editor\" data-id=\"b5464bb\" data-element_type=\"widget\" data-e-type=\"widget\" data-widget_type=\"text-editor.default\">\n\t\t\t\t<div class=\"elementor-widget-container\">\n\t\t\t\t\t\t\t\t\t<p>Retrouvez l&rsquo;actualit\u00e9 de notre cr\u00e8che :\u00a0<\/p>\t\t\t\t\t\t\t\t<\/div>\n\t\t\t\t<\/div>\n\t\t\t\t<div class=\"elementor-element elementor-element-fcfc50d elementor-align-center elementor-widget elementor-widget-button\" data-id=\"fcfc50d\" data-element_type=\"widget\" data-e-type=\"widget\" data-widget_type=\"button.default\">\n\t\t\t\t<div class=\"elementor-widget-container\">\n\t\t\t\t\t\t\t\t\t<div class=\"elementor-button-wrapper\">\n\t\t\t\t\t<a class=\"elementor-button elementor-button-link elementor-size-sm\" href=\"https:\/\/scopad.fr\/index.php\/jpo-creches\">\n\t\t\t\t\t\t<span class=\"elementor-button-content-wrapper\">\n\t\t\t\t\t\t\t\t\t<span class=\"elementor-button-text\">20 Avril 2024 - JPO<\/span>\n\t\t\t\t\t<\/span>\n\t\t\t\t\t<\/a>\n\t\t\t\t<\/div>\n\t\t\t\t\t\t\t\t<\/div>\n\t\t\t\t<\/div>\n\t\t\t\t\t<\/div>\n\t\t\t\t<\/div>\n\t\t<div class=\"elementor-element elementor-element-1be07e9 e-flex e-con-boxed wpr-particle-no wpr-jarallax-no wpr-parallax-no wpr-sticky-section-no e-con e-parent\" data-id=\"1be07e9\" data-element_type=\"container\" data-e-type=\"container\">\n\t\t\t\t\t<div class=\"e-con-inner\">\n\t\t\t\t<div class=\"elementor-element elementor-element-c70746a elementor-widget elementor-widget-heading\" data-id=\"c70746a\" data-element_type=\"widget\" data-e-type=\"widget\" data-widget_type=\"heading.default\">\n\t\t\t\t<div class=\"elementor-widget-container\">\n\t\t\t\t\t<h3 class=\"elementor-heading-title elementor-size-default\">SCOPIDOUX - Cr\u00e8che d'entreprise<\/h3>\t\t\t\t<\/div>\n\t\t\t\t<\/div>\n\t\t\t\t<div class=\"elementor-element elementor-element-fd1222c elementor-widget elementor-widget-heading\" data-id=\"fd1222c\" data-element_type=\"widget\" data-e-type=\"widget\" data-widget_type=\"heading.default\">\n\t\t\t\t<div class=\"elementor-widget-container\">\n\t\t\t\t\t<h5 class=\"elementor-heading-title elementor-size-default\">Une premi\u00e8re \u00e0 la R\u00e9union : Inauguration de la 1\u00e8re\ncr\u00e8che d\u2019Entreprise ce vendredi 23 f\u00e9vrier 2024<\/h5>\t\t\t\t<\/div>\n\t\t\t\t<\/div>\n\t\t\t\t<div class=\"elementor-element elementor-element-d3a9467 elementor-widget elementor-widget-text-editor\" data-id=\"d3a9467\" data-element_type=\"widget\" data-e-type=\"widget\" data-widget_type=\"text-editor.default\">\n\t\t\t\t<div class=\"elementor-widget-container\">\n\t\t\t\t\t\t\t\t\t<p style=\"font-weight: 400;\">Le 23 f\u00e9vrier 2024, port\u00e9e la SCOPAD, Coop\u00e9rative d\u2019Aide \u00e0 Domicile, la 1<sup>\u00e8re<\/sup>\u00a0Cr\u00e8che d\u2019Entreprise SCOPidoux a \u00e9t\u00e9 inaugur\u00e9e sur notre territoire r\u00e9unionnais.<\/p><p>\u00a0<\/p><p style=\"font-weight: 400;\">Cette initiative novatrice t\u00e9moigne de l\u2019engagement croissant des entreprises r\u00e9unionnaises \u00e0 soutenir leurs employ\u00e9s\u00a0 en favorisant l\u2019\u00e9quilibre entre vie personnelle, familiale et vie professionnelle.<\/p><p>\u00a0<\/p><p style=\"font-weight: 400;\"><span style=\"font-style: inherit; font-weight: inherit;\">Situ\u00e9e \u00a0\u00e0 Sainte-Marie, dans le quartier de La Convenance, en liaison directe avec la voie rapide Est-Ouest, la Cr\u00e8che d\u2019Entreprise SCOPidoux b\u00e9n\u00e9ficie d\u2019un emplacement exceptionnel face \u00e0 l\u2019oc\u00e9an, \u00e0 proximit\u00e9 de l\u2019a\u00e9roport, et \u00e0 seulement 10 minutes de Saint-Denis, le Chef-lieu du D\u00e9partement.<\/span><\/p><p>\u00a0<\/p><p style=\"font-weight: 400;\"><span style=\"font-style: inherit; font-weight: inherit;\">La Cr\u00e8che SCOPidoux est \u00e9galement localis\u00e9e \u00e0 quelques minutes du Quartier d\u2019Affaires de La Mare, qui accueille aujourd\u2019hui 183 entreprises dans 13 hectares de b\u00e2timents professionnels&#8230; et proche de la nouvelle ville de Beaus\u00e9jour.<\/span><\/p><p>\u00a0<\/p><p style=\"font-weight: 400;\"><span style=\"font-style: inherit; font-weight: inherit;\">C\u2019est un lieu con\u00e7u avec soin pour offrir un environnement bienveillant, s\u00fbr, stimulant, \u00e9ducatif aux 20 petits \u2013 de deux mois et demi \u00e0 36 mois- sur une amplitude horaire de 06h30 \u00e0 19h30, du lundi au vendredi. Et permettre aux parents de se concentrer sereinement sur leur travail.<\/span><\/p><p>\u00a0<\/p><p style=\"font-weight: 400;\"><span style=\"font-style: inherit; font-weight: inherit;\">L\u2019ouverture de la 1<\/span><sup style=\"font-style: inherit; font-weight: inherit;\">\u00e8re<\/sup><span style=\"font-style: inherit; font-weight: inherit;\">\u00a0Cr\u00e8che d\u2019Entreprise SCOPidoux marque une \u00e9tape importante dans les modes de garde des enfants, mais aussi dans le paysage socio-\u00e9conomique de l\u2019\u00eele de la R\u00e9union. En effet, offrir un soutien tangible aux parents salari\u00e9s, c\u2019est contribuer \u00e0 renforcer la coh\u00e9sion sociale, \u00e0 lever les freins \u00e0 l\u2019emploi, \u00e0 promouvoir l\u2019\u00e9galit\u00e9 des chances d\u00e8s le plus jeune \u00e2ge.<\/span><\/p><p>\u00a0<\/p><p style=\"font-weight: 400;\"><span style=\"font-style: inherit; font-weight: inherit;\">A travers cette nouvelle activit\u00e9 \u00ab\u00a0Petite Enfance\u00a0\u00bb et sa Cr\u00e8che SCOPIDOUX, la \u00a0Soci\u00e9t\u00e9 Coop\u00e9rative et Participative d\u2019Aide \u00e0 Domicile (SCOPad), souligne ainsi son engagement et ses valeurs de solidarit\u00e9, de mixit\u00e9 sociale, et du bien-vivre ensemble.<\/span><\/p><p>\u00a0<\/p><p style=\"font-weight: 400;\"><span style=\"font-style: inherit; font-weight: inherit;\">La SCOPad tient \u00e0 remercier la PMI (Protection Maternelle et Infantile), la CAF\u00a0 (Caisse d\u2019Allocation Familiale) de la R\u00e9union, qui l\u2019ont accompagn\u00e9e dans ce projet innovant. Ce partenariat montre la prise en compte des besoins des familles r\u00e9unionnaises par les autorit\u00e9s de tutelle dans les dispositifs de garde de la Petite Enfance<\/span><\/p><p>\u00a0<\/p><p style=\"font-weight: 400;\"><span style=\"font-style: inherit; font-weight: inherit;\">Pour en savoir plus sur SCOPidoux et ses services, nous vous invitons \u00e0 visiter notre site web officiel :\u00a0<\/span><span style=\"font-style: inherit; font-weight: inherit;\"><a href=\"https:\/\/scopidoux.re\/\">https:\/\/scopidoux.re<\/a><\/span><span style=\"font-style: inherit; font-weight: inherit;\">. \u00a0Et \u00e0 nous rejoindre dans cette nouvelle aventure o\u00f9\u00a0<\/span><b><strong style=\"font-style: inherit;\">le bien-\u00eatre de votre enfant est au c\u0153ur de notre accompagnement<\/strong><\/b><\/p>\t\t\t\t\t\t\t\t<\/div>\n\t\t\t\t<\/div>\n\t\t\t\t\t<\/div>\n\t\t\t\t<\/div>\n\t\t<div class=\"elementor-element elementor-element-73e801e e-flex e-con-boxed wpr-particle-no wpr-jarallax-no wpr-parallax-no wpr-sticky-section-no e-con e-parent\" data-id=\"73e801e\" data-element_type=\"container\" data-e-type=\"container\">\n\t\t\t\t\t<div class=\"e-con-inner\">\n\t\t\t\t<div class=\"elementor-element elementor-element-2c7d902 elementor-arrows-position-inside elementor-pagination-position-outside elementor-widget elementor-widget-image-carousel\" data-id=\"2c7d902\" data-element_type=\"widget\" data-e-type=\"widget\" data-settings=\"{&quot;slides_to_show&quot;:&quot;1&quot;,&quot;navigation&quot;:&quot;both&quot;,&quot;autoplay&quot;:&quot;yes&quot;,&quot;pause_on_hover&quot;:&quot;yes&quot;,&quot;pause_on_interaction&quot;:&quot;yes&quot;,&quot;autoplay_speed&quot;:5000,&quot;infinite&quot;:&quot;yes&quot;,&quot;effect&quot;:&quot;slide&quot;,&quot;speed&quot;:500}\" data-widget_type=\"image-carousel.default\">\n\t\t\t\t<div class=\"elementor-widget-container\">\n\t\t\t\t\t\t\t<div class=\"elementor-image-carousel-wrapper swiper\" role=\"region\" aria-roledescription=\"carousel\" aria-label=\"Carrousel d\u2019images\" dir=\"ltr\">\n\t\t\t<div class=\"elementor-image-carousel swiper-wrapper\" aria-live=\"off\">\n\t\t\t\t\t\t\t\t<div class=\"swiper-slide\" role=\"group\" aria-roledescription=\"slide\" aria-label=\"1 sur 7\"><a data-elementor-open-lightbox=\"yes\" data-elementor-lightbox-slideshow=\"2c7d902\" data-elementor-lightbox-title=\"IMG_1895\" data-e-action-hash=\"#elementor-action%3Aaction%3Dlightbox%26settings%3DeyJpZCI6NTc5LCJ1cmwiOiJodHRwczpcL1wvc2NvcGFkLmZyXC93cC1jb250ZW50XC91cGxvYWRzXC8yMDI0XC8wM1wvSU1HXzE4OTUuanBnIiwic2xpZGVzaG93IjoiMmM3ZDkwMiJ9\" href=\"https:\/\/scopidoux.re\"><figure class=\"swiper-slide-inner\"><img decoding=\"async\" class=\"swiper-slide-image\" src=\"https:\/\/scopad.fr\/wp-content\/uploads\/2024\/03\/IMG_1895-1024x683.jpg\" alt=\"IMG_1895\" \/><\/figure><\/a><\/div><div class=\"swiper-slide\" role=\"group\" aria-roledescription=\"slide\" aria-label=\"2 sur 7\"><a data-elementor-open-lightbox=\"yes\" data-elementor-lightbox-slideshow=\"2c7d902\" data-elementor-lightbox-title=\"IMG_1886\" data-e-action-hash=\"#elementor-action%3Aaction%3Dlightbox%26settings%3DeyJpZCI6NTc4LCJ1cmwiOiJodHRwczpcL1wvc2NvcGFkLmZyXC93cC1jb250ZW50XC91cGxvYWRzXC8yMDI0XC8wM1wvSU1HXzE4ODYtc2NhbGVkLmpwZyIsInNsaWRlc2hvdyI6IjJjN2Q5MDIifQ%3D%3D\" href=\"https:\/\/scopidoux.re\"><figure class=\"swiper-slide-inner\"><img decoding=\"async\" class=\"swiper-slide-image\" src=\"https:\/\/scopad.fr\/wp-content\/uploads\/2024\/03\/IMG_1886-1024x629.jpg\" alt=\"IMG_1886\" \/><\/figure><\/a><\/div><div class=\"swiper-slide\" role=\"group\" aria-roledescription=\"slide\" aria-label=\"3 sur 7\"><a data-elementor-open-lightbox=\"yes\" data-elementor-lightbox-slideshow=\"2c7d902\" data-elementor-lightbox-title=\"IMG_1883\" data-e-action-hash=\"#elementor-action%3Aaction%3Dlightbox%26settings%3DeyJpZCI6NTc3LCJ1cmwiOiJodHRwczpcL1wvc2NvcGFkLmZyXC93cC1jb250ZW50XC91cGxvYWRzXC8yMDI0XC8wM1wvSU1HXzE4ODMuanBnIiwic2xpZGVzaG93IjoiMmM3ZDkwMiJ9\" href=\"https:\/\/scopidoux.re\"><figure class=\"swiper-slide-inner\"><img decoding=\"async\" class=\"swiper-slide-image\" src=\"https:\/\/scopad.fr\/wp-content\/uploads\/2024\/03\/IMG_1883-1024x683.jpg\" alt=\"IMG_1883\" \/><\/figure><\/a><\/div><div class=\"swiper-slide\" role=\"group\" aria-roledescription=\"slide\" aria-label=\"4 sur 7\"><a data-elementor-open-lightbox=\"yes\" data-elementor-lightbox-slideshow=\"2c7d902\" data-elementor-lightbox-title=\"IMG_1875\" data-e-action-hash=\"#elementor-action%3Aaction%3Dlightbox%26settings%3DeyJpZCI6NTc2LCJ1cmwiOiJodHRwczpcL1wvc2NvcGFkLmZyXC93cC1jb250ZW50XC91cGxvYWRzXC8yMDI0XC8wM1wvSU1HXzE4NzUuanBnIiwic2xpZGVzaG93IjoiMmM3ZDkwMiJ9\" href=\"https:\/\/scopidoux.re\"><figure class=\"swiper-slide-inner\"><img decoding=\"async\" class=\"swiper-slide-image\" src=\"https:\/\/scopad.fr\/wp-content\/uploads\/2024\/03\/IMG_1875-1024x683.jpg\" alt=\"IMG_1875\" \/><\/figure><\/a><\/div><div class=\"swiper-slide\" role=\"group\" aria-roledescription=\"slide\" aria-label=\"5 sur 7\"><a data-elementor-open-lightbox=\"yes\" data-elementor-lightbox-slideshow=\"2c7d902\" data-elementor-lightbox-title=\"IMG_1868\" data-e-action-hash=\"#elementor-action%3Aaction%3Dlightbox%26settings%3DeyJpZCI6NTc1LCJ1cmwiOiJodHRwczpcL1wvc2NvcGFkLmZyXC93cC1jb250ZW50XC91cGxvYWRzXC8yMDI0XC8wM1wvSU1HXzE4Njgtc2NhbGVkLmpwZyIsInNsaWRlc2hvdyI6IjJjN2Q5MDIifQ%3D%3D\" href=\"https:\/\/scopidoux.re\"><figure class=\"swiper-slide-inner\"><img decoding=\"async\" class=\"swiper-slide-image\" src=\"https:\/\/scopad.fr\/wp-content\/uploads\/2024\/03\/IMG_1868-1024x718.jpg\" alt=\"IMG_1868\" \/><\/figure><\/a><\/div><div class=\"swiper-slide\" role=\"group\" aria-roledescription=\"slide\" aria-label=\"6 sur 7\"><a data-elementor-open-lightbox=\"yes\" data-elementor-lightbox-slideshow=\"2c7d902\" data-elementor-lightbox-title=\"IMG_1865\" data-e-action-hash=\"#elementor-action%3Aaction%3Dlightbox%26settings%3DeyJpZCI6NTc0LCJ1cmwiOiJodHRwczpcL1wvc2NvcGFkLmZyXC93cC1jb250ZW50XC91cGxvYWRzXC8yMDI0XC8wM1wvSU1HXzE4NjUtc2NhbGVkLmpwZyIsInNsaWRlc2hvdyI6IjJjN2Q5MDIifQ%3D%3D\" href=\"https:\/\/scopidoux.re\"><figure class=\"swiper-slide-inner\"><img decoding=\"async\" class=\"swiper-slide-image\" src=\"https:\/\/scopad.fr\/wp-content\/uploads\/2024\/03\/IMG_1865-1024x661.jpg\" alt=\"IMG_1865\" \/><\/figure><\/a><\/div><div class=\"swiper-slide\" role=\"group\" aria-roledescription=\"slide\" aria-label=\"7 sur 7\"><a data-elementor-open-lightbox=\"yes\" data-elementor-lightbox-slideshow=\"2c7d902\" data-elementor-lightbox-title=\"IMG_1856\" data-e-action-hash=\"#elementor-action%3Aaction%3Dlightbox%26settings%3DeyJpZCI6NTczLCJ1cmwiOiJodHRwczpcL1wvc2NvcGFkLmZyXC93cC1jb250ZW50XC91cGxvYWRzXC8yMDI0XC8wM1wvSU1HXzE4NTYtc2NhbGVkLmpwZyIsInNsaWRlc2hvdyI6IjJjN2Q5MDIifQ%3D%3D\" href=\"https:\/\/scopidoux.re\"><figure class=\"swiper-slide-inner\"><img decoding=\"async\" class=\"swiper-slide-image\" src=\"https:\/\/scopad.fr\/wp-content\/uploads\/2024\/03\/IMG_1856-1024x692.jpg\" alt=\"IMG_1856\" \/><\/figure><\/a><\/div>\t\t\t<\/div>\n\t\t\t\t\t\t\t\t\t\t\t\t<div class=\"elementor-swiper-button elementor-swiper-button-prev\" role=\"button\" tabindex=\"0\">\n\t\t\t\t\t\t<svg aria-hidden=\"true\" class=\"e-font-icon-svg e-eicon-chevron-left\" viewBox=\"0 0 1000 1000\" xmlns=\"http:\/\/www.w3.org\/2000\/svg\"><path d=\"M646 125C629 125 613 133 604 142L308 442C296 454 292 471 292 487 292 504 296 521 308 533L604 854C617 867 629 875 646 875 663 875 679 871 692 858 704 846 713 829 713 812 713 796 708 779 692 767L438 487 692 225C700 217 708 204 708 187 708 171 704 154 692 142 675 129 663 125 646 125Z\"><\/path><\/svg>\t\t\t\t\t<\/div>\n\t\t\t\t\t<div class=\"elementor-swiper-button elementor-swiper-button-next\" role=\"button\" tabindex=\"0\">\n\t\t\t\t\t\t<svg aria-hidden=\"true\" class=\"e-font-icon-svg e-eicon-chevron-right\" viewBox=\"0 0 1000 1000\" xmlns=\"http:\/\/www.w3.org\/2000\/svg\"><path d=\"M696 533C708 521 713 504 713 487 713 471 708 454 696 446L400 146C388 133 375 125 354 125 338 125 325 129 313 142 300 154 292 171 292 187 292 204 296 221 308 233L563 492 304 771C292 783 288 800 288 817 288 833 296 850 308 863 321 871 338 875 354 875 371 875 388 867 400 854L696 533Z\"><\/path><\/svg>\t\t\t\t\t<\/div>\n\t\t\t\t\n\t\t\t\t\t\t\t\t\t<div class=\"swiper-pagination\"><\/div>\n\t\t\t\t\t\t\t\t\t<\/div>\n\t\t\t\t\t\t<\/div>\n\t\t\t\t<\/div>\n\t\t\t\t\t<\/div>\n\t\t\t\t<\/div>\n\t\t\t\t<\/div>\n\t\t","protected":false},"excerpt":{"rendered":"<p>Premi\u00e8re cr\u00e8che d&rsquo;entreprise \u00e0 La R\u00e9union SCOPIDOUX &#8211; Cr\u00e8che d&rsquo;entreprise Actualit\u00e9s Retrouvez l&rsquo;actualit\u00e9 de notre cr\u00e8che :\u00a0 20 Avril 2024 &#8211; JPO SCOPIDOUX &#8211; Cr\u00e8che d&rsquo;entreprise Une premi\u00e8re \u00e0 la R\u00e9union : Inauguration de la 1\u00e8re cr\u00e8che d\u2019Entreprise ce vendredi 23 f\u00e9vrier 2024 Le 23 f\u00e9vrier 2024, port\u00e9e la SCOPAD, Coop\u00e9rative d\u2019Aide \u00e0 Domicile, la 1\u00e8re\u00a0Cr\u00e8che d\u2019Entreprise SCOPidoux a \u00e9t\u00e9 inaugur\u00e9e sur notre territoire r\u00e9unionnais. \u00a0 Cette initiative novatrice t\u00e9moigne de l\u2019engagement croissant des entreprises r\u00e9unionnaises \u00e0 soutenir leurs employ\u00e9s\u00a0 en favorisant l\u2019\u00e9quilibre entre vie personnelle, familiale et vie professionnelle. \u00a0 Situ\u00e9e \u00a0\u00e0 Sainte-Marie, dans le quartier de La Convenance, en liaison directe avec la voie rapide Est-Ouest, la Cr\u00e8che d\u2019Entreprise SCOPidoux b\u00e9n\u00e9ficie d\u2019un emplacement exceptionnel face \u00e0 l\u2019oc\u00e9an, \u00e0 proximit\u00e9 de l\u2019a\u00e9roport, et \u00e0 seulement 10 minutes de Saint-Denis, le Chef-lieu du D\u00e9partement. \u00a0 La Cr\u00e8che SCOPidoux est \u00e9galement localis\u00e9e \u00e0 quelques minutes du Quartier d\u2019Affaires de La Mare, qui accueille aujourd\u2019hui 183 entreprises dans 13 hectares de b\u00e2timents professionnels&#8230; et proche de la nouvelle ville de Beaus\u00e9jour. \u00a0 C\u2019est un lieu con\u00e7u avec soin pour offrir un environnement bienveillant, s\u00fbr, stimulant, \u00e9ducatif aux 20 petits \u2013 de deux mois et demi \u00e0 36 mois- sur une amplitude horaire de 06h30 \u00e0 19h30, du lundi au vendredi. Et permettre aux parents de se concentrer sereinement sur leur travail. \u00a0 L\u2019ouverture de la 1\u00e8re\u00a0Cr\u00e8che d\u2019Entreprise SCOPidoux marque une \u00e9tape importante dans les modes de garde des enfants, mais aussi dans le paysage socio-\u00e9conomique de l\u2019\u00eele de la R\u00e9union. En effet, offrir un soutien tangible aux parents salari\u00e9s, c\u2019est contribuer \u00e0 renforcer la coh\u00e9sion sociale, \u00e0 lever les freins \u00e0 l\u2019emploi, \u00e0 promouvoir l\u2019\u00e9galit\u00e9 des chances d\u00e8s le plus jeune \u00e2ge. \u00a0 A travers cette nouvelle activit\u00e9 \u00ab\u00a0Petite Enfance\u00a0\u00bb et sa Cr\u00e8che SCOPIDOUX, la \u00a0Soci\u00e9t\u00e9 Coop\u00e9rative et Participative d\u2019Aide \u00e0 Domicile (SCOPad), souligne ainsi son engagement et ses valeurs de solidarit\u00e9, de mixit\u00e9 sociale, et du bien-vivre ensemble. \u00a0 La SCOPad tient \u00e0 remercier la PMI (Protection Maternelle et Infantile), la CAF\u00a0 (Caisse d\u2019Allocation Familiale) de la R\u00e9union, qui l\u2019ont accompagn\u00e9e dans ce projet innovant. Ce partenariat montre la prise en compte des besoins des familles r\u00e9unionnaises par les autorit\u00e9s de tutelle dans les dispositifs de garde de la Petite Enfance \u00a0 Pour en savoir plus sur SCOPidoux et ses services, nous vous invitons \u00e0 visiter notre site web officiel :\u00a0https:\/\/scopidoux.re. \u00a0Et \u00e0 nous rejoindre dans cette nouvelle aventure o\u00f9\u00a0le bien-\u00eatre de votre enfant est au c\u0153ur de notre accompagnement<\/p>\n","protected":false},"author":1,"featured_media":0,"parent":0,"menu_order":0,"comment_status":"closed","ping_status":"closed","template":"","meta":{"site-sidebar-layout":"no-sidebar","site-content-layout":"","ast-site-content-layout":"full-width-container","site-content-style":"default","site-sidebar-style":"default","ast-global-header-display":"","ast-banner-title-visibility":"","ast-main-header-display":"","ast-hfb-above-header-display":"","ast-hfb-below-header-display":"","ast-hfb-mobile-header-display":"","site-post-title":"disabled","ast-breadcrumbs-content":"","ast-featured-img":"disabled","footer-sml-layout":"","theme-transparent-header-meta":"","adv-header-id-meta":"","stick-header-meta":"","header-above-stick-meta":"","header-main-stick-meta":"","header-below-stick-meta":"","astra-migrate-meta-layouts":"default","ast-page-background-enabled":"default","ast-page-background-meta":{"desktop":{"background-color":"var(--ast-global-color-4)","background-image":"","background-repeat":"repeat","background-position":"center center","background-size":"auto","background-attachment":"scroll","background-type":"","background-media":"","overlay-type":"","overlay-color":"","overlay-gradient":""},"tablet":{"background-color":"","background-image":"","background-repeat":"repeat","background-position":"center center","background-size":"auto","background-attachment":"scroll","background-type":"","background-media":"","overlay-type":"","overlay-color":"","overlay-gradient":""},"mobile":{"background-color":"","background-image":"","background-repeat":"repeat","background-position":"center center","background-size":"auto","background-attachment":"scroll","background-type":"","background-media":"","overlay-type":"","overlay-color":"","overlay-gradient":""}},"ast-content-background-meta":{"desktop":{"background-color":"var(--ast-global-color-5)","background-image":"","background-repeat":"repeat","background-position":"center center","background-size":"auto","background-attachment":"scroll","background-type":"","background-media":"","overlay-type":"","overlay-color":"","overlay-gradient":""},"tablet":{"background-color":"var(--ast-global-color-5)","background-image":"","background-repeat":"repeat","background-position":"center center","background-size":"auto","background-attachment":"scroll","background-type":"","background-media":"","overlay-type":"","overlay-color":"","overlay-gradient":""},"mobile":{"background-color":"var(--ast-global-color-5)","background-image":"","background-repeat":"repeat","background-position":"center center","background-size":"auto","background-attachment":"scroll","background-type":"","background-media":"","overlay-type":"","overlay-color":"","overlay-gradient":""}},"footnotes":""},"class_list":["post-569","page","type-page","status-publish","hentry"],"_links":{"self":[{"href":"https:\/\/scopad.fr\/index.php\/wp-json\/wp\/v2\/pages\/569","targetHints":{"allow":["GET"]}}],"collection":[{"href":"https:\/\/scopad.fr\/index.php\/wp-json\/wp\/v2\/pages"}],"about":[{"href":"https:\/\/scopad.fr\/index.php\/wp-json\/wp\/v2\/types\/page"}],"author":[{"embeddable":true,"href":"https:\/\/scopad.fr\/index.php\/wp-json\/wp\/v2\/users\/1"}],"replies":[{"embeddable":true,"href":"https:\/\/scopad.fr\/index.php\/wp-json\/wp\/v2\/comments?post=569"}],"version-history":[{"count":25,"href":"https:\/\/scopad.fr\/index.php\/wp-json\/wp\/v2\/pages\/569\/revisions"}],"predecessor-version":[{"id":637,"href":"https:\/\/scopad.fr\/index.php\/wp-json\/wp\/v2\/pages\/569\/revisions\/637"}],"wp:attachment":[{"href":"https:\/\/scopad.fr\/index.php\/wp-json\/wp\/v2\/media?parent=569"}],"curies":[{"name":"wp","href":"https:\/\/api.w.org\/{rel}","templated":true}]}}