{"id":323,"date":"2024-03-25T13:24:13","date_gmt":"2024-03-25T12:24:13","guid":{"rendered":"https:\/\/scopad.fr\/?page_id=323"},"modified":"2024-03-27T05:38:27","modified_gmt":"2024-03-27T04:38:27","slug":"a-propos","status":"publish","type":"page","link":"https:\/\/scopad.fr\/index.php\/a-propos\/","title":{"rendered":"A propos"},"content":{"rendered":"\t\t<div data-elementor-type=\"wp-page\" data-elementor-id=\"323\" class=\"elementor elementor-323\">\n\t\t\t\t<div class=\"elementor-element elementor-element-5b2b745 e-con-full e-flex wpr-particle-no wpr-jarallax-no wpr-parallax-no wpr-sticky-section-no e-con e-parent\" data-id=\"5b2b745\" data-element_type=\"container\" data-e-type=\"container\" data-settings=\"{&quot;background_background&quot;:&quot;classic&quot;}\">\n\t\t<div class=\"elementor-element elementor-element-efcc175 e-grid e-con-full wpr-particle-no wpr-jarallax-no wpr-parallax-no wpr-sticky-section-no e-con e-child\" data-id=\"efcc175\" data-element_type=\"container\" data-e-type=\"container\">\n\t\t\t\t<div class=\"elementor-element elementor-element-ed51806 elementor-widget elementor-widget-heading\" data-id=\"ed51806\" data-element_type=\"widget\" data-e-type=\"widget\" data-widget_type=\"heading.default\">\n\t\t\t\t<div class=\"elementor-widget-container\">\n\t\t\t\t\t<h4 class=\"elementor-heading-title elementor-size-default\">Une histoire bas\u00e9e sur l'humaine<\/h4>\t\t\t\t<\/div>\n\t\t\t\t<\/div>\n\t\t\t\t<div class=\"elementor-element elementor-element-19f8e58 elementor-widget-divider--view-line elementor-widget elementor-widget-divider\" data-id=\"19f8e58\" data-element_type=\"widget\" data-e-type=\"widget\" data-widget_type=\"divider.default\">\n\t\t\t\t<div class=\"elementor-widget-container\">\n\t\t\t\t\t\t\t<div class=\"elementor-divider\">\n\t\t\t<span class=\"elementor-divider-separator\">\n\t\t\t\t\t\t<\/span>\n\t\t<\/div>\n\t\t\t\t\t\t<\/div>\n\t\t\t\t<\/div>\n\t\t\t\t<div class=\"elementor-element elementor-element-3ff7f82 elementor-widget elementor-widget-heading\" data-id=\"3ff7f82\" data-element_type=\"widget\" data-e-type=\"widget\" data-widget_type=\"heading.default\">\n\t\t\t\t<div class=\"elementor-widget-container\">\n\t\t\t\t\t<h1 class=\"elementor-heading-title elementor-size-default\">A propos de la Coop\u00e9rative<\/h1>\t\t\t\t<\/div>\n\t\t\t\t<\/div>\n\t\t\t\t<\/div>\n\t\t\t\t<\/div>\n\t\t<div class=\"elementor-element elementor-element-b597e53 e-flex e-con-boxed wpr-particle-no wpr-jarallax-no wpr-parallax-no wpr-sticky-section-no e-con e-parent\" data-id=\"b597e53\" data-element_type=\"container\" data-e-type=\"container\">\n\t\t\t\t\t<div class=\"e-con-inner\">\n\t\t<div class=\"elementor-element elementor-element-77c45ec e-con-full e-flex wpr-particle-no wpr-jarallax-no wpr-parallax-no wpr-sticky-section-no e-con e-child\" data-id=\"77c45ec\" data-element_type=\"container\" data-e-type=\"container\">\n\t\t<div class=\"elementor-element elementor-element-0059aba e-grid e-con-boxed wpr-particle-no wpr-jarallax-no wpr-parallax-no wpr-sticky-section-no e-con e-child\" data-id=\"0059aba\" data-element_type=\"container\" data-e-type=\"container\">\n\t\t\t\t\t<div class=\"e-con-inner\">\n\t\t\t\t<div class=\"elementor-element elementor-element-5d4f0e8 elementor-widget elementor-widget-heading\" data-id=\"5d4f0e8\" data-element_type=\"widget\" data-e-type=\"widget\" data-widget_type=\"heading.default\">\n\t\t\t\t<div class=\"elementor-widget-container\">\n\t\t\t\t\t<h3 class=\"elementor-heading-title elementor-size-default\">La SCOPAD<\/h3>\t\t\t\t<\/div>\n\t\t\t\t<\/div>\n\t\t\t\t<div class=\"elementor-element elementor-element-7e3cc44 elementor-widget-divider--view-line elementor-widget elementor-widget-divider\" data-id=\"7e3cc44\" data-element_type=\"widget\" data-e-type=\"widget\" data-widget_type=\"divider.default\">\n\t\t\t\t<div class=\"elementor-widget-container\">\n\t\t\t\t\t\t\t<div class=\"elementor-divider\">\n\t\t\t<span class=\"elementor-divider-separator\">\n\t\t\t\t\t\t<\/span>\n\t\t<\/div>\n\t\t\t\t\t\t<\/div>\n\t\t\t\t<\/div>\n\t\t\t\t\t<\/div>\n\t\t\t\t<\/div>\n\t\t\t\t<div class=\"elementor-element elementor-element-0eb5cad elementor-widget elementor-widget-text-editor\" data-id=\"0eb5cad\" data-element_type=\"widget\" data-e-type=\"widget\" data-widget_type=\"text-editor.default\">\n\t\t\t\t<div class=\"elementor-widget-container\">\n\t\t\t\t\t\t\t\t\t<p>La SCOPAD est une coop\u00e9rative ouvri\u00e8re de production dans le domaine des Services \u00e0 la Personne.<br>Elle a \u00e9t\u00e9 cr\u00e9\u00e9e par douze anciens salari\u00e9s de l&rsquo;ARAST et elle a d\u00e9but\u00e9 son activit\u00e9 le 2 ao\u00fbt 2010.<br>Entreprendre autrement en favorisant une gestion d\u00e9mocratique, la mise en commun des comp\u00e9tences et des exp\u00e9riences ; la mise en avant de l&rsquo;humain et du travail des salari\u00e9s sont les principes fondateurs de la coop\u00e9rative.<\/p>\t\t\t\t\t\t\t\t<\/div>\n\t\t\t\t<\/div>\n\t\t\t\t<\/div>\n\t\t<div class=\"elementor-element elementor-element-50df907 e-con-full e-flex wpr-particle-no wpr-jarallax-no wpr-parallax-no wpr-sticky-section-no e-con e-child\" data-id=\"50df907\" data-element_type=\"container\" data-e-type=\"container\" data-settings=\"{&quot;background_background&quot;:&quot;classic&quot;}\">\n\t\t<div class=\"elementor-element elementor-element-1570cb6 e-grid e-con-boxed wpr-particle-no wpr-jarallax-no wpr-parallax-no wpr-sticky-section-no e-con e-child\" data-id=\"1570cb6\" data-element_type=\"container\" data-e-type=\"container\">\n\t\t\t\t\t<div class=\"e-con-inner\">\n\t\t\t\t<div class=\"elementor-element elementor-element-03e48dc elementor-widget elementor-widget-heading\" data-id=\"03e48dc\" data-element_type=\"widget\" data-e-type=\"widget\" data-widget_type=\"heading.default\">\n\t\t\t\t<div class=\"elementor-widget-container\">\n\t\t\t\t\t<h3 class=\"elementor-heading-title elementor-size-default\">Nos autorisations<\/h3>\t\t\t\t<\/div>\n\t\t\t\t<\/div>\n\t\t\t\t<div class=\"elementor-element elementor-element-0215d82 elementor-widget-divider--view-line elementor-widget elementor-widget-divider\" data-id=\"0215d82\" data-element_type=\"widget\" data-e-type=\"widget\" data-widget_type=\"divider.default\">\n\t\t\t\t<div class=\"elementor-widget-container\">\n\t\t\t\t\t\t\t<div class=\"elementor-divider\">\n\t\t\t<span class=\"elementor-divider-separator\">\n\t\t\t\t\t\t<\/span>\n\t\t<\/div>\n\t\t\t\t\t\t<\/div>\n\t\t\t\t<\/div>\n\t\t\t\t<div class=\"elementor-element elementor-element-39a999e elementor-widget elementor-widget-heading\" data-id=\"39a999e\" data-element_type=\"widget\" data-e-type=\"widget\" data-widget_type=\"heading.default\">\n\t\t\t\t<div class=\"elementor-widget-container\">\n\t\t\t\t\t<h5 class=\"elementor-heading-title elementor-size-default\">Pour mener ses activit\u00e9s, la SCOPAD est autoris\u00e9e par le D\u00e9partement et agr\u00e9\u00e9e par la pr\u00e9fecture : <\/h5>\t\t\t\t<\/div>\n\t\t\t\t<\/div>\n\t\t<div class=\"elementor-element elementor-element-e752754 e-grid e-con-boxed wpr-particle-no wpr-jarallax-no wpr-parallax-no wpr-sticky-section-no elementor-invisible e-con e-child\" data-id=\"e752754\" data-element_type=\"container\" data-e-type=\"container\" data-settings=\"{&quot;background_background&quot;:&quot;classic&quot;,&quot;animation&quot;:&quot;zoomIn&quot;}\">\n\t\t\t\t\t<div class=\"e-con-inner\">\n\t\t\t\t<div class=\"elementor-element elementor-element-5cecf4e elementor-widget elementor-widget-text-editor\" data-id=\"5cecf4e\" data-element_type=\"widget\" data-e-type=\"widget\" data-widget_type=\"text-editor.default\">\n\t\t\t\t<div class=\"elementor-widget-container\">\n\t\t\t\t\t\t\t\t\t<p>Autorisation SAAD du D\u00e9partement accord\u00e9e le 01\/01\/2016 : intervention au domicile aupr\u00e8s des personnes ag\u00e9es, des personnes en situations de handicap, des familles fragilis\u00e9es<\/p>\t\t\t\t\t\t\t\t<\/div>\n\t\t\t\t<\/div>\n\t\t\t\t\t<\/div>\n\t\t\t\t<\/div>\n\t\t<div class=\"elementor-element elementor-element-44bf28a e-grid e-con-boxed wpr-particle-no wpr-jarallax-no wpr-parallax-no wpr-sticky-section-no elementor-invisible e-con e-child\" data-id=\"44bf28a\" data-element_type=\"container\" data-e-type=\"container\" data-settings=\"{&quot;background_background&quot;:&quot;classic&quot;,&quot;animation&quot;:&quot;zoomIn&quot;}\">\n\t\t\t\t\t<div class=\"e-con-inner\">\n\t\t\t\t<div class=\"elementor-element elementor-element-90e86c2 elementor-widget elementor-widget-text-editor\" data-id=\"90e86c2\" data-element_type=\"widget\" data-e-type=\"widget\" data-widget_type=\"text-editor.default\">\n\t\t\t\t<div class=\"elementor-widget-container\">\n\t\t\t\t\t\t\t\t\t<p>Agr\u00e9ment qualit\u00e9 SAP523147445 d\u00e9livr\u00e9 le 28\/06\/2015 par la Pr\u00e9fecture de la R\u00e9union : intervention sur les activit\u00e9s de services \u00e0 la personne<\/p>\t\t\t\t\t\t\t\t<\/div>\n\t\t\t\t<\/div>\n\t\t\t\t\t<\/div>\n\t\t\t\t<\/div>\n\t\t<div class=\"elementor-element elementor-element-4c547d0 e-grid e-con-boxed wpr-particle-no wpr-jarallax-no wpr-parallax-no wpr-sticky-section-no elementor-invisible e-con e-child\" data-id=\"4c547d0\" data-element_type=\"container\" data-e-type=\"container\" data-settings=\"{&quot;background_background&quot;:&quot;classic&quot;,&quot;animation&quot;:&quot;zoomIn&quot;}\">\n\t\t\t\t\t<div class=\"e-con-inner\">\n\t\t\t\t<div class=\"elementor-element elementor-element-7e0c70c elementor-widget elementor-widget-text-editor\" data-id=\"7e0c70c\" data-element_type=\"widget\" data-e-type=\"widget\" data-widget_type=\"text-editor.default\">\n\t\t\t\t<div class=\"elementor-widget-container\">\n\t\t\t\t\t\t\t\t\t<p>Autorisation SAAD ASE du D\u00e9partement accord\u00e9 le 25\/04\/2019 : intervention des AES et des TISF aupr\u00e8s de familles fragilis\u00e9es<\/p>\t\t\t\t\t\t\t\t<\/div>\n\t\t\t\t<\/div>\n\t\t\t\t\t<\/div>\n\t\t\t\t<\/div>\n\t\t\t\t\t<\/div>\n\t\t\t\t<\/div>\n\t\t\t\t<\/div>\n\t\t\t\t\t<\/div>\n\t\t\t\t<\/div>\n\t\t<div class=\"elementor-element elementor-element-8d6aa86 e-flex e-con-boxed wpr-particle-no wpr-jarallax-no wpr-parallax-no wpr-sticky-section-no e-con e-parent\" data-id=\"8d6aa86\" data-element_type=\"container\" data-e-type=\"container\">\n\t\t\t\t\t<div class=\"e-con-inner\">\n\t\t<div class=\"elementor-element elementor-element-c8891bd e-grid e-con-boxed wpr-particle-no wpr-jarallax-no wpr-parallax-no wpr-sticky-section-no e-con e-child\" data-id=\"c8891bd\" data-element_type=\"container\" data-e-type=\"container\">\n\t\t\t\t\t<div class=\"e-con-inner\">\n\t\t\t\t<div class=\"elementor-element elementor-element-ca55f35 elementor-widget elementor-widget-heading\" data-id=\"ca55f35\" data-element_type=\"widget\" data-e-type=\"widget\" data-widget_type=\"heading.default\">\n\t\t\t\t<div class=\"elementor-widget-container\">\n\t\t\t\t\t<h3 class=\"elementor-heading-title elementor-size-default\">Nos valeurs<\/h3>\t\t\t\t<\/div>\n\t\t\t\t<\/div>\n\t\t\t\t<div class=\"elementor-element elementor-element-62695ac elementor-widget-divider--view-line elementor-widget elementor-widget-divider\" data-id=\"62695ac\" data-element_type=\"widget\" data-e-type=\"widget\" data-widget_type=\"divider.default\">\n\t\t\t\t<div class=\"elementor-widget-container\">\n\t\t\t\t\t\t\t<div class=\"elementor-divider\">\n\t\t\t<span class=\"elementor-divider-separator\">\n\t\t\t\t\t\t<\/span>\n\t\t<\/div>\n\t\t\t\t\t\t<\/div>\n\t\t\t\t<\/div>\n\t\t\t\t<div class=\"elementor-element elementor-element-f2fa83f elementor-widget elementor-widget-text-editor\" data-id=\"f2fa83f\" data-element_type=\"widget\" data-e-type=\"widget\" data-widget_type=\"text-editor.default\">\n\t\t\t\t<div class=\"elementor-widget-container\">\n\t\t\t\t\t\t\t\t\t<p>Les valeurs port\u00e9es par la SCOPAD et ses salari\u00e9s sont :<\/p><ul><li>Le respect et la reconnaissance en tant que personne de nos b\u00e9n\u00e9ficiaires : r\u00e9serve et discr\u00e9tion de l\u2019ensemble du \u00a0personnel, confidentialit\u00e9 des informations recueillies.<\/li><li>L\u2019\u00e9coute des usagers en leur proposant un accompagnement ou une aide individualis\u00e9e \u00a0et de qualit\u00e9.<\/li><li>La pr\u00e9servation de l\u2019autonomie des personnes en aidant nos b\u00e9n\u00e9ficiaires \u00ab \u00e0 faire \u00bb plut\u00f4t que \u00ab de faire \u00e0 leur place \u00bb.<\/li><li>Un \u00a0dialogue permanent avec nos b\u00e9n\u00e9ficiaires.<\/li><li>La participation de l\u2019usager \u00e0 l\u2019\u00e9laboration de son projet individuel.<\/li><li>La comp\u00e9tence du personnel et son suivi.<\/li><li>La qualit\u00e9 de nos prestations et la confiance donn\u00e9e \u00e0 nos b\u00e9n\u00e9ficiaires.<\/li><li>Le travail en \u00e9quipe.<\/li><li>La libert\u00e9 de choisir les services propos\u00e9s et sa mise en \u0153uvre.<\/li><\/ul>\t\t\t\t\t\t\t\t<\/div>\n\t\t\t\t<\/div>\n\t\t\t\t\t<\/div>\n\t\t\t\t<\/div>\n\t\t\t\t\t<\/div>\n\t\t\t\t<\/div>\n\t\t<div class=\"elementor-element elementor-element-34b7dea e-flex e-con-boxed wpr-particle-no wpr-jarallax-no wpr-parallax-no wpr-sticky-section-no e-con e-parent\" data-id=\"34b7dea\" data-element_type=\"container\" data-e-type=\"container\">\n\t\t\t\t\t<div class=\"e-con-inner\">\n\t\t\t\t<div class=\"elementor-element elementor-element-d3c7e1e elementor-align-center elementor-widget elementor-widget-button\" data-id=\"d3c7e1e\" data-element_type=\"widget\" data-e-type=\"widget\" data-widget_type=\"button.default\">\n\t\t\t\t<div class=\"elementor-widget-container\">\n\t\t\t\t\t\t\t\t\t<div class=\"elementor-button-wrapper\">\n\t\t\t\t\t<a class=\"elementor-button elementor-button-link elementor-size-sm\" href=\"#\">\n\t\t\t\t\t\t<span class=\"elementor-button-content-wrapper\">\n\t\t\t\t\t\t\t\t\t<span class=\"elementor-button-text\">Charte des droits et libert\u00e9s<\/span>\n\t\t\t\t\t<\/span>\n\t\t\t\t\t<\/a>\n\t\t\t\t<\/div>\n\t\t\t\t\t\t\t\t<\/div>\n\t\t\t\t<\/div>\n\t\t\t\t\t<\/div>\n\t\t\t\t<\/div>\n\t\t\t\t<\/div>\n\t\t","protected":false},"excerpt":{"rendered":"<p>Une histoire bas\u00e9e sur l&rsquo;humaine A propos de la Coop\u00e9rative La SCOPAD La SCOPAD est une coop\u00e9rative ouvri\u00e8re de production dans le domaine des Services \u00e0 la Personne.Elle a \u00e9t\u00e9 cr\u00e9\u00e9e par douze anciens salari\u00e9s de l&rsquo;ARAST et elle a d\u00e9but\u00e9 son activit\u00e9 le 2 ao\u00fbt 2010.Entreprendre autrement en favorisant une gestion d\u00e9mocratique, la mise en commun des comp\u00e9tences et des exp\u00e9riences ; la mise en avant de l&rsquo;humain et du travail des salari\u00e9s sont les principes fondateurs de la coop\u00e9rative. Nos autorisations Pour mener ses activit\u00e9s, la SCOPAD est autoris\u00e9e par le D\u00e9partement et agr\u00e9\u00e9e par la pr\u00e9fecture : Autorisation SAAD du D\u00e9partement accord\u00e9e le 01\/01\/2016 : intervention au domicile aupr\u00e8s des personnes ag\u00e9es, des personnes en situations de handicap, des familles fragilis\u00e9es Agr\u00e9ment qualit\u00e9 SAP523147445 d\u00e9livr\u00e9 le 28\/06\/2015 par la Pr\u00e9fecture de la R\u00e9union : intervention sur les activit\u00e9s de services \u00e0 la personne Autorisation SAAD ASE du D\u00e9partement accord\u00e9 le 25\/04\/2019 : intervention des AES et des TISF aupr\u00e8s de familles fragilis\u00e9es Nos valeurs Les valeurs port\u00e9es par la SCOPAD et ses salari\u00e9s sont : Le respect et la reconnaissance en tant que personne de nos b\u00e9n\u00e9ficiaires : r\u00e9serve et discr\u00e9tion de l\u2019ensemble du \u00a0personnel, confidentialit\u00e9 des informations recueillies. L\u2019\u00e9coute des usagers en leur proposant un accompagnement ou une aide individualis\u00e9e \u00a0et de qualit\u00e9. La pr\u00e9servation de l\u2019autonomie des personnes en aidant nos b\u00e9n\u00e9ficiaires \u00ab \u00e0 faire \u00bb plut\u00f4t que \u00ab de faire \u00e0 leur place \u00bb. Un \u00a0dialogue permanent avec nos b\u00e9n\u00e9ficiaires. La participation de l\u2019usager \u00e0 l\u2019\u00e9laboration de son projet individuel. La comp\u00e9tence du personnel et son suivi. La qualit\u00e9 de nos prestations et la confiance donn\u00e9e \u00e0 nos b\u00e9n\u00e9ficiaires. Le travail en \u00e9quipe. La libert\u00e9 de choisir les services propos\u00e9s et sa mise en \u0153uvre. Charte des droits et libert\u00e9s<\/p>\n","protected":false},"author":1,"featured_media":0,"parent":0,"menu_order":0,"comment_status":"closed","ping_status":"closed","template":"","meta":{"site-sidebar-layout":"no-sidebar","site-content-layout":"","ast-site-content-layout":"full-width-container","site-content-style":"default","site-sidebar-style":"default","ast-global-header-display":"","ast-banner-title-visibility":"","ast-main-header-display":"","ast-hfb-above-header-display":"","ast-hfb-below-header-display":"","ast-hfb-mobile-header-display":"","site-post-title":"disabled","ast-breadcrumbs-content":"","ast-featured-img":"disabled","footer-sml-layout":"","theme-transparent-header-meta":"","adv-header-id-meta":"","stick-header-meta":"","header-above-stick-meta":"","header-main-stick-meta":"","header-below-stick-meta":"","astra-migrate-meta-layouts":"default","ast-page-background-enabled":"default","ast-page-background-meta":{"desktop":{"background-color":"var(--ast-global-color-4)","background-image":"","background-repeat":"repeat","background-position":"center center","background-size":"auto","background-attachment":"scroll","background-type":"","background-media":"","overlay-type":"","overlay-color":"","overlay-gradient":""},"tablet":{"background-color":"","background-image":"","background-repeat":"repeat","background-position":"center center","background-size":"auto","background-attachment":"scroll","background-type":"","background-media":"","overlay-type":"","overlay-color":"","overlay-gradient":""},"mobile":{"background-color":"","background-image":"","background-repeat":"repeat","background-position":"center center","background-size":"auto","background-attachment":"scroll","background-type":"","background-media":"","overlay-type":"","overlay-color":"","overlay-gradient":""}},"ast-content-background-meta":{"desktop":{"background-color":"var(--ast-global-color-5)","background-image":"","background-repeat":"repeat","background-position":"center center","background-size":"auto","background-attachment":"scroll","background-type":"","background-media":"","overlay-type":"","overlay-color":"","overlay-gradient":""},"tablet":{"background-color":"var(--ast-global-color-5)","background-image":"","background-repeat":"repeat","background-position":"center center","background-size":"auto","background-attachment":"scroll","background-type":"","background-media":"","overlay-type":"","overlay-color":"","overlay-gradient":""},"mobile":{"background-color":"var(--ast-global-color-5)","background-image":"","background-repeat":"repeat","background-position":"center center","background-size":"auto","background-attachment":"scroll","background-type":"","background-media":"","overlay-type":"","overlay-color":"","overlay-gradient":""}},"footnotes":""},"class_list":["post-323","page","type-page","status-publish","hentry"],"_links":{"self":[{"href":"https:\/\/scopad.fr\/index.php\/wp-json\/wp\/v2\/pages\/323","targetHints":{"allow":["GET"]}}],"collection":[{"href":"https:\/\/scopad.fr\/index.php\/wp-json\/wp\/v2\/pages"}],"about":[{"href":"https:\/\/scopad.fr\/index.php\/wp-json\/wp\/v2\/types\/page"}],"author":[{"embeddable":true,"href":"https:\/\/scopad.fr\/index.php\/wp-json\/wp\/v2\/users\/1"}],"replies":[{"embeddable":true,"href":"https:\/\/scopad.fr\/index.php\/wp-json\/wp\/v2\/comments?post=323"}],"version-history":[{"count":25,"href":"https:\/\/scopad.fr\/index.php\/wp-json\/wp\/v2\/pages\/323\/revisions"}],"predecessor-version":[{"id":568,"href":"https:\/\/scopad.fr\/index.php\/wp-json\/wp\/v2\/pages\/323\/revisions\/568"}],"wp:attachment":[{"href":"https:\/\/scopad.fr\/index.php\/wp-json\/wp\/v2\/media?parent=323"}],"curies":[{"name":"wp","href":"https:\/\/api.w.org\/{rel}","templated":true}]}}